{"id":975,"date":"2017-07-23T12:31:57","date_gmt":"2017-07-23T11:31:57","guid":{"rendered":"http:\/\/www.hsander.net\/wordpress\/?page_id=975"},"modified":"2025-03-12T09:27:37","modified_gmt":"2025-03-12T08:27:37","slug":"veroeffentlichungen","status":"publish","type":"page","link":"https:\/\/www.hsander.net\/wordpress\/about\/veroeffentlichungen\/","title":{"rendered":"Ver\u00f6ffentlichungen"},"content":{"rendered":"<h2>Monographien<\/h2>\n<ul>\n<li><a href=\"http:\/\/www.logos-verlag.de\/ebooks\/OA\/978-3-8325-4434-8.pdf\">Sander, Hannes (2017):\u00a0Orientierungen von Jugendlichen beim Urteilen und Entscheiden in Kontexten nachhaltiger Entwicklung. Eine rekonstruktive Perspektive auf Bewertungskompetenz in der Didaktik der Naturwissenschaft. Studien zum Physik- und Chemielernen, Band 216. Berlin: Logos<\/a>.<\/li>\n<\/ul>\n<h2>Peer Review<\/h2>\n<ul>\n<li>H\u00fcfner, S., Sander, H., Frey, F., List, F., Brodhun, F., Hartmann, A., Schneide, O., Stanze, C. and Abels, S. (2025), Einstieg in die chemische Reaktion \u2013 inklusiv und kontextorientiert. CHEMKON. https:\/\/doi.org\/10.1002\/ckon.202400037<\/li>\n<li>Sander, Hannes; H\u00f6ttecke, Dietmar (2018): Orientierungen von Jugendlichen beim Urteilen und Entscheiden in Kontexten nachhaltiger Entwicklung. Zeitschrift f\u00fcr Didaktik der Naturwissenschaften (24), S. 83-98,<br \/>\nDOI: 10.1007\/s40573-018-0076-9<\/li>\n<li><a href=\"https:\/\/books.google.de\/books?id=ClLJDQAAQBAJ&amp;hl=de\">Sander, Hannes; H\u00f6ttecke, Dietmar (2016): Orientierungen von Sch\u00fclerInnen beim Urteilen und Entscheiden in Kontexten nachhaltiger Entwicklung. In: J\u00fcrgen Menthe, Dietmar H\u00f6ttecke, Thomas Zabka, M. Hammann und M. Rothgangel (Hrsg.): Bef\u00e4higung zu gesellschaftlicher Teilhabe. Beitr\u00e4ge der fachdidaktischen Forschung. M\u00fcnster: Waxmann, S. 159-170.<\/a><\/li>\n<li><a href=\"http:\/\/www.waxmann.com\/index.php?id=buecher&amp;no_cache=1&amp;tx_p2waxmann_pi1%5Boberkategorie%5D=OKA999998&amp;tx_p2waxmann_pi1%5Bbuch%5D=BUC124010\">Sander, H.; H\u00f6ttecke, D. (2015): Bewertungskompetenz in der Physikdidaktik: Zwischen Rationalit\u00e4t und Intuition. In: A. Budke, M. Kuckuck, M. Meyer, F. Sch\u00e4bitz, K. Schl\u00fcter und G. Weiss (Hg.): Fachlich argumentieren lernen: Didaktische Forschungen zur Argumentation in den Unterrichtsf\u00e4chern. M\u00fcnster: Waxmann, S. 167\u2013181.\u00a0<\/a>(<em>Review durch Herausgeber<\/em>)<\/li>\n<\/ul>\n<h2>Beitr\u00e4ge in Zeitschriften<\/h2>\n<ul>\n<li><a href=\"https:\/\/www.hsander.net\/wordpress\/wp-content\/uploads\/2018\/06\/MNU_3_2018_207%E2%80%93210.pdf\">Sander, Hannes (2018): Den Beamer mit mobilen Endger\u00e4ten nutzen: Beispiele aus der Praxis. MNU (3\/2018), 207-210<\/a>.<\/li>\n<\/ul>\n<h2>Beitr\u00e4ge in Tagungsb\u00e4nden<\/h2>\n<ul>\n<li><a href=\"http:\/\/www.gdcp.de\/index.php\/tagungsbaende\/tagungsband-uebersicht\/164-tagungsbaende\/2016\/10550-concatenate-d49-a49-10550\">Seefeldt, Richard, Sander, Hannes &amp; H\u00f6ttecke, Dietmar (2016). Klimawandel bewerten: Tiefenstrukturanalyse einer Gruppendiskussion. In: C. Maurer (Hrsg.), Authentizit\u00e4t und Lernen - das Fach in der Fachdidaktik. Gesellschaft f\u00fcr Didaktik der Chemie und Physik, Jahrestagung in Berlin 2015. (S. 449). Universit\u00e4t Regensburg<\/a><\/li>\n<li>Sander, Hannes; H\u00f6ttecke, Dietmar (2016b): Student\u2019s decision-making on issues of sustainability - beyond rational choice theory. In: Jari Lavonen, Kalle Juuti, Jarkko Lampiselk\u00e4, Anna Uitto und Kaisa Hahl (Hrsg.): Electronic Proceedings of the ESERA 2015 Conference. Science education research: Engaging learners for a sustainable future. Helsinki: University of Helsinki, S. 1004\u20131011.<\/li>\n<li><a href=\"http:\/\/www.gdcp.de\/index.php\/tagungsbaende\/tagungsband-uebersicht\/164-tagungsbaende\/2016\/10477-concatenate-d26-a26-10477\">Sander, Hannes &amp; H\u00f6ttecke, Dietmar (2016). Rekonstruktion der Kontexteinfl\u00fcsse beim Urteilen und Entscheiden. In: C. Maurer (Hrsg.), Authentizit\u00e4t und Lernen - das Fach in der Fachdidaktik. Gesellschaft f\u00fcr Didaktik der Chemie und Physik, Jahrestagung in Berlin 2015. (S. 235). Universit\u00e4t Regensburg<\/a><\/li>\n<li><a href=\"http:\/\/www.gdcp.de\/index.php\/tagungsbaende\/tagungsband-uebersicht\/161-tagungsbaende\/2015\/10038-2015-4306\">Sander, H. &amp; H\u00f6ttecke, D. (2015). Urteilen und Entscheiden in Kontexten nachhaltiger Entwicklung. In: S. Bernholt (Hrsg.), Heterogenit\u00e4t und Diversit\u00e4t - Vielfalt der Voraussetzungen im naturwissenschaftlichen Unterricht. Gesellschaft f\u00fcr Didaktik der Chemie und Physik, Jahrestagung in Bremen 2014 (S. 241-243). Kiel: IPN.<\/a><\/li>\n<li><a href=\"http:\/\/phydid.physik.fu-berlin.de\/index.php\/phydid-b\/article\/view\/502\">Sander, H. &amp; H\u00f6ttecke, D. (2014), Vignetten zur qualitativen Untersuchung von Urteilsprozessen bei Sch\u00fclerInnen. PhyDid B - Didaktik der Physik - Beitr\u00e4ge zur DPG-Fr\u00fchjahrstagung<\/a>.<\/li>\n<li><a href=\"http:\/\/www.gdcp.de\/index.php\/tagungsbaende\/tagungsband-uebersicht\/157-tagungsbaende\/2014\/9623-2014-4195\">Sander, H. &amp; H\u00f6ttecke, D. (2014). Intuition und Emotion beim Urteilen und Entscheiden. In S. Bernholt (Hrsg.), Naturwissenschaftliche Bildung zwischen Science- und Fachunterricht. Gesellschaft f\u00fcr Didaktik der Chemie und Physik, Jahrestagung in M\u00fcnchen 2013 (S. 525 - 527). Kiel: IPN.<\/a><\/li>\n<\/ul>\n<h2>Vortr\u00e4ge &amp; Poster<\/h2>\n<ul>\n<li>Sander, H. (2017): Preistr\u00e4gervortrag anl\u00e4sslich der Verleihung des GDCP-Nachwuchspreises. Regensburg, September 2017.<\/li>\n<li>Sander, H. (2017): Orientierungen von Jugendlichen beim Urteilen und Entscheiden in Kontexten nachhaltiger Entwicklung. Impulsvortrag anl\u00e4sslich der Disputation, Universit\u00e4t Hamburg, 20.1.2017.<\/li>\n<li>Sander, H. (2016):\u00a0Urteilen und Entscheiden in variablen Kontexten nachhaltiger Entwicklung: Eine qualitativ-\u00adrekonstruktive Studie\u00a0aus physikdidaktischer Perspektive. Eingeladener Vortrag auf dem\u00a0Kolloquium Lehr-\u00adLern-Forschung und Fachdidaktik, Universit\u00e4t Z\u00fcrich \/ ETH Z\u00fcrich, 7.3.2016<\/li>\n<li>Sander, H. (2016): Workshop zur dokumentarischen Methode. Arbeitsgruppe Physikdidaktik, Universit\u00e4t Halle (Saale), 22.-23.3.2016<\/li>\n<li>Sander, H. &amp; H\u00f6ttecke, D. (2015), Wie Sch\u00fclerInnen urteilen - Orientierungen von Sch\u00fclerinnen und Sch\u00fclern beim Urteilen und Entscheiden in variablen Kontexten nachhaltiger Entwicklung, GFD-Tagung 2015 in Hamburg<\/li>\n<li>Sander, H. &amp; H\u00f6ttecke, D. (2015), Rekonstruktion der Kontexteinfl\u00fcsse beim Urteilen und Entscheiden in variablen Kontexten nachhaltiger Entwicklung, GDCP Jahrestagung Berlin, 17.9.2015.<\/li>\n<li>Sander, H. &amp; H\u00f6ttecke, D. (2015), Beyond Rational Choice Theory - Student's Decision-Making on Issues of Sustainability, ESERA Conference, Helsinki, Finnland, 4.9.2015.<\/li>\n<li>Sander, H. &amp; H\u00f6ttecke, D. (2015), Vortrag zum Promotionsprojekt auf dem Forschungsworkshop des\u00a0<a href=\"http:\/\/www.leuphana.de\/news\/pressemitteilungen\/pressemitteilungen-ansicht\/datum\/2013\/01\/15\/bildung-fuer-eine-nachhaltige-entwicklung-in-schulen.html\">LeNa-Netzwerkes<\/a>, Universit\u00e4t Hildesheim, 26.6.2015<\/li>\n<li>Sander, H. &amp; H\u00f6ttecke, D. (2015),\u00a0Workshop \"Die dokumentarische Methode in der fachdidaktischen Forschung\" am AECC Chemie Wien, 18.-19. M\u00e4rz 2015. (<a href=\"http:\/\/www.nawidid.hsander.net\/wp-content\/uploads\/2013\/09\/DM_Wien-2015.pdf\">Pr\u00e4sentation<\/a>,\u00a0<a href=\"http:\/\/www.nawidid.hsander.net\/wp-content\/uploads\/2013\/09\/Material-JK-Wien.pdf\">Material JK Wien<\/a>)<\/li>\n<li>Sander, H. &amp; H\u00f6ttecke, D. (2015),\u00a0Planspiel \"Flugobst\"\u00a0im Rahmen der Tagung \"Umweltbildung f\u00fcr nachhaltige Entwicklung im Kontext bestehender Netzwerke\" (NAWI Netzwerk Wien, IMST, \u00d6KOLOG, BMBF), 17. M\u00e4rz 2015 in Wien.<\/li>\n<li>Sander, H. &amp; H\u00f6ttecke, D. (2014), Urteilen und Entscheiden in Kontexten nachhaltiger Entwicklung. Vortrag auf der Jahrestagung der GDCP in Bremen, September 2014.<\/li>\n<li>Sander, H. &amp; H\u00f6ttecke, D. (2014), Vignetten zur qualitativen Untersuchung von Urteilsprozessen bei Sch\u00fclerInnen. Poster pr\u00e4sentiert auf der Jahrestagung des Fachverbands Didaktik der Physik 2014 in Frankfurt, M\u00e4rz 2014.<\/li>\n<li>Sander, H. (2013), Intuition und Emotion beim Urteilen und Entscheiden in Kontexten Nachhaltiger Entwicklung. Vortrag auf dem Dokorandenkolloquium der GDCP in Kassel vom 11.-13.10.2013.<\/li>\n<li>Sander, H. &amp; H\u00f6ttecke, D. (2013), Intuition und Emotion beim Urteilen und Entscheiden. Poster pr\u00e4sentiert auf der Jahrestagung der GDCP in M\u00fcnchen, September 2013.<\/li>\n<\/ul>\n","protected":false},"excerpt":{"rendered":"<p>Monographien Sander, Hannes (2017):\u00a0Orientierungen von Jugendlichen beim Urteilen und Entscheiden in Kontexten nachhaltiger Entwicklung. Eine rekonstruktive Perspektive auf Bewertungskompetenz in der Didaktik der Naturwissenschaft. Studien zum Physik- und Chemielernen, Band 216. Berlin: Logos. Peer Review H\u00fcfner, S., Sander, H., Frey, F., List, F., Brodhun, F., Hartmann, A., Schneide, O., Stanze, C. and Abels, S. (2025), [&hellip;]<\/p>\n","protected":false},"author":1,"featured_media":0,"parent":59,"menu_order":0,"comment_status":"closed","ping_status":"closed","template":"","meta":{"footnotes":""},"class_list":["post-975","page","type-page","status-publish","hentry"],"_links":{"self":[{"href":"https:\/\/www.hsander.net\/wordpress\/wp-json\/wp\/v2\/pages\/975","targetHints":{"allow":["GET"]}}],"collection":[{"href":"https:\/\/www.hsander.net\/wordpress\/wp-json\/wp\/v2\/pages"}],"about":[{"href":"https:\/\/www.hsander.net\/wordpress\/wp-json\/wp\/v2\/types\/page"}],"author":[{"embeddable":true,"href":"https:\/\/www.hsander.net\/wordpress\/wp-json\/wp\/v2\/users\/1"}],"replies":[{"embeddable":true,"href":"https:\/\/www.hsander.net\/wordpress\/wp-json\/wp\/v2\/comments?post=975"}],"version-history":[{"count":8,"href":"https:\/\/www.hsander.net\/wordpress\/wp-json\/wp\/v2\/pages\/975\/revisions"}],"predecessor-version":[{"id":2513886,"href":"https:\/\/www.hsander.net\/wordpress\/wp-json\/wp\/v2\/pages\/975\/revisions\/2513886"}],"up":[{"embeddable":true,"href":"https:\/\/www.hsander.net\/wordpress\/wp-json\/wp\/v2\/pages\/59"}],"wp:attachment":[{"href":"https:\/\/www.hsander.net\/wordpress\/wp-json\/wp\/v2\/media?parent=975"}],"curies":[{"name":"wp","href":"https:\/\/api.w.org\/{rel}","templated":true}]}}