{"id":586,"date":"2013-10-06T12:21:47","date_gmt":"2013-10-06T10:21:47","guid":{"rendered":"http:\/\/www.hsander.net\/wordpress\/?page_id=586"},"modified":"2022-10-26T19:22:41","modified_gmt":"2022-10-26T18:22:41","slug":"cv","status":"publish","type":"page","link":"https:\/\/www.hsander.net\/wordpress\/cv\/","title":{"rendered":"Curriculum Vitae"},"content":{"rendered":"<p>Im Folgenden finden Sie einige Informationen \u00fcber meinen bisherigen beruflichen Werdegang.<\/p>\n<p>[wptabs type=\"accordion\" mode=\"vertical\"]<\/p>\n<p>[wptabtitle]Beruflicher Werdegang[\/wptabtitle]<\/p>\n<p>[wptabcontent]<\/p>\n<p>seit 01\/2021: <strong>Fachredaktionsleiter Chemie<\/strong> bei <a href=\"https:\/\/www.wirlernenonline.de\">WirLernenOnline<\/a><\/p>\n<p>seit 11\/2017:<strong> Lehrer am Gymnasium Johanneum, L\u00fcneburg<\/strong> \/ Unterrichtsf\u00e4cher Chemie und Physik.<\/p>\n<p>07\/2016 - 01\/2018:<strong> Studienreferendar am Studienseminar L\u00fcneburg<\/strong> \/ Wilhelm-Raabe-Schule L\u00fcneburg, Unterrichtsf\u00e4cher Chemie und Physik.<\/p>\n<p>04 \/2014 - 07\/2015:<strong> Lehrbeauftragter, Universit\u00e4t Hamburg<\/strong>. Verschiedene Lehrauftr\u00e4ge, u.a. f\u00fcr das Seminar \"Einf\u00fchrung in die Fachdidaktik Chemie\" und das Chemiepraktikum f\u00fcr Studierende der Medizin.<\/p>\n<p>10\/2014 - 07\/2016: <strong>Akademischer Tutor, Universit\u00e4t Hamburg.<\/strong> Peer-To-Peer-Beratung f\u00fcr Promovierende an der Fakult\u00e4t f\u00fcr Erziehungswissenschaft.<\/p>\n<p>08\/2009 - 10\/2012: <strong>Sch\u00fclerlabor physik.begreifen, DESY Hamburg. <\/strong>Betreuung von Schulklassen bei Experimenten zum Thema Vakuum, Radioaktivit\u00e4t, Quantenphysik und elektromagnetische Felder<\/p>\n<p>09\/2006 - 05\/2007: <strong>JuBi Neetze. <\/strong>Zivildienst.\u00a0Evangelische Jugendbildungs- und Freizeitst\u00e4tte Neetze<\/p>\n<p>[\/wptabcontent]<\/p>\n<p>[wptabtitle]Schul- und Hochschulbildung[\/wptabtitle]<\/p>\n<p>[wptabcontent]<\/p>\n<p>11\/2017:<strong> (Zweites) Staatsexamen f\u00fcr das Lehramt an Gymnasien<\/strong>, Unterrichtsf\u00e4cher Chemie und Physik<\/p>\n<p>01\/2017: <strong>Verteidigung der Dissertation: <\/strong>Promotion zum Dr. phil.<\/p>\n<p>07\/2013 - 06\/2016: <strong>Promotionsstipendium der Deutschen Bundesstiftung Umwelt. <\/strong>Promotionsprojekt Intuition und Emotion beim Urteilen und Entscheiden in Kontexten Nachhaltiger Entwicklung<\/p>\n<p>seit 10\/2012: <strong>Mitarbeit in der Arbeitsgruppe Physikdidaktik, Universit\u00e4t Hamburg<\/strong><\/p>\n<p>10\/2010 - 09\/2012: <strong>Masterstudium, Lehramt an Gymnasien, Universit\u00e4t Hamburg<\/strong><\/p>\n<p>10\/2007 - 09\/2010: <strong>Bachelorstudium, Lehramt an Gymnasien, Universit\u00e4t Hamburg<\/strong><\/p>\n<p>08\/1999 - 07\/2006: <strong>Gymnasium Wilhelm-Raabe-Schule, L\u00fcneburg<\/strong><\/p>\n<p>[\/wptabcontent]<\/p>\n<p>[\/wptabs]<\/p>\n","protected":false},"excerpt":{"rendered":"<p>Im Folgenden finden Sie einige Informationen \u00fcber meinen bisherigen beruflichen Werdegang. [wptabs type=&#8221;accordion&#8221; mode=&#8221;vertical&#8221;] [wptabtitle]Beruflicher Werdegang[\/wptabtitle] [wptabcontent] seit 01\/2021: Fachredaktionsleiter Chemie bei WirLernenOnline seit 11\/2017: Lehrer am Gymnasium Johanneum, L\u00fcneburg \/ Unterrichtsf\u00e4cher Chemie und Physik. 07\/2016 &#8211; 01\/2018: Studienreferendar am Studienseminar L\u00fcneburg \/ Wilhelm-Raabe-Schule L\u00fcneburg, Unterrichtsf\u00e4cher Chemie und Physik. 04 \/2014 &#8211; 07\/2015: Lehrbeauftragter, Universit\u00e4t [&hellip;]<\/p>\n","protected":false},"author":1,"featured_media":0,"parent":0,"menu_order":0,"comment_status":"closed","ping_status":"closed","template":"","meta":{"footnotes":""},"class_list":["post-586","page","type-page","status-publish","hentry"],"_links":{"self":[{"href":"https:\/\/www.hsander.net\/wordpress\/wp-json\/wp\/v2\/pages\/586","targetHints":{"allow":["GET"]}}],"collection":[{"href":"https:\/\/www.hsander.net\/wordpress\/wp-json\/wp\/v2\/pages"}],"about":[{"href":"https:\/\/www.hsander.net\/wordpress\/wp-json\/wp\/v2\/types\/page"}],"author":[{"embeddable":true,"href":"https:\/\/www.hsander.net\/wordpress\/wp-json\/wp\/v2\/users\/1"}],"replies":[{"embeddable":true,"href":"https:\/\/www.hsander.net\/wordpress\/wp-json\/wp\/v2\/comments?post=586"}],"version-history":[{"count":21,"href":"https:\/\/www.hsander.net\/wordpress\/wp-json\/wp\/v2\/pages\/586\/revisions"}],"predecessor-version":[{"id":1303,"href":"https:\/\/www.hsander.net\/wordpress\/wp-json\/wp\/v2\/pages\/586\/revisions\/1303"}],"wp:attachment":[{"href":"https:\/\/www.hsander.net\/wordpress\/wp-json\/wp\/v2\/media?parent=586"}],"curies":[{"name":"wp","href":"https:\/\/api.w.org\/{rel}","templated":true}]}}